{"id":13,"date":"2023-03-10T18:44:09","date_gmt":"2023-03-10T18:44:09","guid":{"rendered":"https:\/\/rayanalhambra.com\/?page_id=13"},"modified":"2024-03-28T16:30:03","modified_gmt":"2024-03-28T16:30:03","slug":"inicio","status":"publish","type":"page","link":"https:\/\/rayanalhambra.com\/en\/","title":{"rendered":"Home"},"content":{"rendered":"<section class=\"section hide-for-small\" id=\"section_1135821620\">\n\t\t<div class=\"section-bg fill\" >\n\t\t\t<img loading=\"lazy\" decoding=\"async\" width=\"1739\" height=\"1731\" src=\"https:\/\/rayanalhambra.com\/wp-content\/uploads\/2023\/03\/5cfondo-1.jpg\" class=\"bg attachment- size-\" alt=\"\" \/>\t\t\t\t\t\t\n\t\t\t\n\n\t\t<\/div>\n\n\t\t\n\n\t\t<div class=\"section-content relative\">\n\t\t\t\n\n<div class=\"row row-collapse align-middle\"  id=\"row-1523981739\">\n\n\n\t<div id=\"col-2065477003\" class=\"col medium-7 small-6 large-8\"  >\n\t\t\t\t<div class=\"col-inner\"  >\n\t\t\t\n\t\t\t\n\n\n  <div class=\"banner has-hover\" id=\"banner-138096438\">\n          <div class=\"banner-inner fill\">\n        <div class=\"banner-bg fill\" >\n            <img loading=\"lazy\" decoding=\"async\" width=\"700\" height=\"499\" src=\"https:\/\/rayanalhambra.com\/wp-content\/uploads\/2023\/03\/patio-de-los-leones-alhambra-granada.webp\" class=\"bg attachment-large size-large\" alt=\"\" \/>                                    \n                    <\/div>\n\t\t\n        <div class=\"banner-layers container\">\n            <a class=\"fill\" href=\"#\" ><div class=\"fill banner-link\"><\/div><\/a>            \n\n\n        <\/div>\n      <\/div>\n\n            \n<style>\n#banner-138096438 {\n  padding-top: 300px;\n  background-color: rgb(245, 245, 245);\n}\n#banner-138096438 .banner-bg img {\n  object-position: 51% 100%;\n}\n@media (min-width:550px) {\n  #banner-138096438 {\n    padding-top: 400px;\n  }\n}\n<\/style>\n  <\/div>\n\n\n\n\t\t<\/div>\n\t\t\t\t\t<\/div>\n\n\t\n\n\t<div id=\"col-1996701442\" class=\"col medium-5 small-6 large-4\"  >\n\t\t\t\t<div class=\"col-inner\"  >\n\t\t\t\n\t\t\t\n\n<div class=\"row row-collapse\"  id=\"row-448715134\">\n\n\n\t<div id=\"col-1206125536\" class=\"col large-12\"  >\n\t\t\t\t<div class=\"col-inner text-center\" style=\"background-color:rgb(255,255,255);\" >\n\t\t\t\n\t\t\t\n\n<h2>Ticket sales<\/h2>\n<p>The Alhambra is a monumental complex made up of palaces, towers and walls, gardens and irrigation channels. It is a medieval walled city, residence of sultans and kings from the 13th to the 16th century.<\/p>\n\n\t\t<\/div>\n\t\t\t\t\n<style>\n#col-1206125536 > .col-inner {\n  margin: 0px 0px 0px -30px;\n}\n<\/style>\n\t<\/div>\n\n\t\n\n\n<style>\n#row-448715134 > .col > .col-inner {\n  padding: 20px 20px 20px 20px;\n}\n@media (min-width:550px) {\n  #row-448715134 > .col > .col-inner {\n    padding: 40px 40px 40px 40px;\n  }\n}\n<\/style>\n<\/div>\n\n\t\t<\/div>\n\t\t\t\t\t<\/div>\n\n\t\n\n<\/div>\n\n\t\t<\/div>\n\n\t\t\n<style>\n#section_1135821620 {\n  padding-top: 30px;\n  padding-bottom: 30px;\n}\n<\/style>\n\t<\/section>\n\t\n\n\t<section class=\"section\" id=\"section_1197645912\">\n\t\t<div class=\"section-bg fill\" >\n\t\t\t\t\t\t\t\t\t\n\t\t\t\n\n\t\t<\/div>\n\n\t\t\n\n\t\t<div class=\"section-content relative\">\n\t\t\t\n\n<div class=\"row align-center\"  id=\"row-1387941040\">\n\n\n\t<div id=\"col-1171144937\" class=\"col medium-9 small-12 large-9\"  >\n\t\t\t\t<div class=\"col-inner text-center\"  >\n\t\t\t\n\t\t\t\n\n<div class=\"container section-title-container\" style=\"margin-bottom:5px;max-width:45%;\"><h3 class=\"section-title section-title-center\"><b><\/b><span class=\"section-title-main\" style=\"color:rgb(208, 208, 208);\">Tickets<\/span><b><\/b><\/h3><\/div>\n\n<h2 style=\"font-size: 23.04px;\"><span style=\"font-size: 170%;\">Select your entry<\/span><\/h2>\n\n\t\t<\/div>\n\t\t\t\t\t<\/div>\n\n\t\n\n<\/div>\n<div class=\"row row-box-shadow-1-hover\"  id=\"row-1648845881\">\n\n\n\t<div id=\"col-515310815\" class=\"col medium-6 small-12 large-6\"  >\n\t\t\t\t<div class=\"col-inner\" style=\"background-color:rgb(250, 250, 250);\" >\n\t\t\t\n\t\t\t\n\n\t<div class=\"box has-hover   has-hover box-shade dark box-text-bottom\" >\n\n\t\t<div class=\"box-image\" style=\"border-radius:5%;\">\n\t\t\t\t\t\t<div class=\"image-cover\" style=\"padding-top:65%;\">\n\t\t\t\t<img loading=\"lazy\" decoding=\"async\" width=\"2560\" height=\"1920\" src=\"https:\/\/rayanalhambra.com\/wp-content\/uploads\/2023\/03\/castle-tourism-spain-andalucia-scaled.jpg\" class=\"attachment- size-\" alt=\"\" srcset=\"https:\/\/rayanalhambra.com\/wp-content\/uploads\/2023\/03\/castle-tourism-spain-andalucia-scaled.jpg 2560w, https:\/\/rayanalhambra.com\/wp-content\/uploads\/2023\/03\/castle-tourism-spain-andalucia-scaled-510x383.jpg 510w, https:\/\/rayanalhambra.com\/wp-content\/uploads\/2023\/03\/castle-tourism-spain-andalucia-300x225.jpg 300w, https:\/\/rayanalhambra.com\/wp-content\/uploads\/2023\/03\/castle-tourism-spain-andalucia-1024x768.jpg 1024w, https:\/\/rayanalhambra.com\/wp-content\/uploads\/2023\/03\/castle-tourism-spain-andalucia-768x576.jpg 768w, https:\/\/rayanalhambra.com\/wp-content\/uploads\/2023\/03\/castle-tourism-spain-andalucia-1536x1152.jpg 1536w, https:\/\/rayanalhambra.com\/wp-content\/uploads\/2023\/03\/castle-tourism-spain-andalucia-2048x1536.jpg 2048w\" sizes=\"auto, (max-width: 2560px) 100vw, 2560px\" \/>\t\t\t\t\t\t\t\t<div class=\"shade\"><\/div>\t\t\t<\/div>\n\t\t\t\t\t<\/div>\n\n\t\t<div class=\"box-text show-on-hover hover-bounce text-left\" >\n\t\t\t<div class=\"box-text-inner\">\n\t\t\t\t\n\n\n\t\t\t<\/div>\n\t\t<\/div>\n\t<\/div>\n\t\n\t<div id=\"gap-1623137378\" class=\"gap-element clearfix\" style=\"display:block; height:auto;\">\n\t\t\n<style>\n#gap-1623137378 {\n  padding-top: 20px;\n}\n<\/style>\n\t<\/div>\n\t\n\n<h1><span style=\"font-size: 100%;\">General Alhambra<\/span><\/h1>\n<p>\u23f0Monday to Sunday: 08:30 - 20:00 15 OCT - 31 MAR<\/p>\n<p>Monday to Sunday: 08:30 - 20:00 1 APR - 14 OCT<\/p>\n<p>Complete visit<\/p>\n<a href=\"https:\/\/rayanalhambra.com\/en\/entrada-general\/\" class=\"button alert is-underline\"  >\n\t\t<span>Buy tickets<\/span>\n\t<i class=\"icon-angle-right\" aria-hidden=\"true\" ><\/i><\/a>\n\n\n\n\t\t<\/div>\n\t\t\t\t\n<style>\n#col-515310815 > .col-inner {\n  border-radius: 10px;\n}\n<\/style>\n\t<\/div>\n\n\t\n\n\t<div id=\"col-1325639926\" class=\"col medium-6 small-12 large-6\"  >\n\t\t\t\t<div class=\"col-inner\" style=\"background-color:rgb(250, 250, 250);\" >\n\t\t\t\n\t\t\t\n\n\t<div class=\"box has-hover   has-hover box-shade dark box-text-bottom\" >\n\n\t\t<div class=\"box-image\" style=\"border-radius:5%;\">\n\t\t\t\t\t\t<div class=\"image-cover\" style=\"padding-top:65%;\">\n\t\t\t\t<img loading=\"lazy\" decoding=\"async\" width=\"2560\" height=\"1706\" src=\"https:\/\/rayanalhambra.com\/wp-content\/uploads\/2023\/03\/fotofrafia_nocturna_del_patio_de_los_leones-min-scaled.jpg\" class=\"attachment- size-\" alt=\"\" srcset=\"https:\/\/rayanalhambra.com\/wp-content\/uploads\/2023\/03\/fotofrafia_nocturna_del_patio_de_los_leones-min-scaled.jpg 2560w, https:\/\/rayanalhambra.com\/wp-content\/uploads\/2023\/03\/fotofrafia_nocturna_del_patio_de_los_leones-min-scaled-510x340.jpg 510w, https:\/\/rayanalhambra.com\/wp-content\/uploads\/2023\/03\/fotofrafia_nocturna_del_patio_de_los_leones-min-300x200.jpg 300w, https:\/\/rayanalhambra.com\/wp-content\/uploads\/2023\/03\/fotofrafia_nocturna_del_patio_de_los_leones-min-1024x682.jpg 1024w, https:\/\/rayanalhambra.com\/wp-content\/uploads\/2023\/03\/fotofrafia_nocturna_del_patio_de_los_leones-min-768x512.jpg 768w, https:\/\/rayanalhambra.com\/wp-content\/uploads\/2023\/03\/fotofrafia_nocturna_del_patio_de_los_leones-min-1536x1024.jpg 1536w, https:\/\/rayanalhambra.com\/wp-content\/uploads\/2023\/03\/fotofrafia_nocturna_del_patio_de_los_leones-min-2048x1365.jpg 2048w\" sizes=\"auto, (max-width: 2560px) 100vw, 2560px\" \/>\t\t\t\t\t\t\t\t<div class=\"shade\"><\/div>\t\t\t<\/div>\n\t\t\t\t\t<\/div>\n\n\t\t<div class=\"box-text show-on-hover hover-bounce text-left\" >\n\t\t\t<div class=\"box-text-inner\">\n\t\t\t\t\n\n\n\t\t\t<\/div>\n\t\t<\/div>\n\t<\/div>\n\t\n\t<div id=\"gap-1234060217\" class=\"gap-element clearfix\" style=\"display:block; height:auto;\">\n\t\t\n<style>\n#gap-1234060217 {\n  padding-top: 20px;\n}\n<\/style>\n\t<\/div>\n\t\n\n<h1 class=\"et_pb_module_header\">Night Visit<\/h1>\n<p>Friday and Saturday: 20:00 - 21:30 15 OCT - 31 MAR<\/p>\n<p>Tuesday to Saturday: 22:00 - 23:30 1 APR - 14 OCT<\/p>\n<p>Night Visit to the Nasrid Palaces<\/p>\n<a href=\"https:\/\/rayanalhambra.com\/en\/visita-nocturna-a-palacios-nazaries\/\" class=\"button alert is-underline\"  >\n\t\t<span>Buy tickets<\/span>\n\t<i class=\"icon-angle-right\" aria-hidden=\"true\" ><\/i><\/a>\n\n\n\n\t\t<\/div>\n\t\t\t\t\n<style>\n#col-1325639926 > .col-inner {\n  border-radius: 10px;\n}\n<\/style>\n\t<\/div>\n\n\t\n\n\n<style>\n#row-1648845881 > .col > .col-inner {\n  padding: 15px 15px 15px 15px;\n  background-color: rgb(250, 250, 250);\n}\n<\/style>\n<\/div>\n<div class=\"row row-box-shadow-1-hover\"  id=\"row-2104331549\">\n\n\n\t<div id=\"col-1436244662\" class=\"col small-12 large-12\"  >\n\t\t\t\t<div class=\"col-inner\" style=\"background-color:rgb(250, 250, 250);\" >\n\t\t\t\n\t\t\t\n\n\t<div class=\"box has-hover   has-hover box-shade dark box-text-bottom\" >\n\n\t\t<div class=\"box-image\" style=\"border-radius:2%;\">\n\t\t\t\t\t\t<div class=\"\" >\n\t\t\t\t<img loading=\"lazy\" decoding=\"async\" width=\"2560\" height=\"880\" src=\"https:\/\/rayanalhambra.com\/wp-content\/uploads\/2024\/02\/Roofs_and_towers_of_Alhambra_from_Generalife_Granada_Spain-min-scaled-1.jpg\" class=\"attachment- size-\" alt=\"\" srcset=\"https:\/\/rayanalhambra.com\/wp-content\/uploads\/2024\/02\/Roofs_and_towers_of_Alhambra_from_Generalife_Granada_Spain-min-scaled-1.jpg 2560w, https:\/\/rayanalhambra.com\/wp-content\/uploads\/2024\/02\/Roofs_and_towers_of_Alhambra_from_Generalife_Granada_Spain-min-scaled-1-300x103.jpg 300w, https:\/\/rayanalhambra.com\/wp-content\/uploads\/2024\/02\/Roofs_and_towers_of_Alhambra_from_Generalife_Granada_Spain-min-scaled-1-1024x352.jpg 1024w, https:\/\/rayanalhambra.com\/wp-content\/uploads\/2024\/02\/Roofs_and_towers_of_Alhambra_from_Generalife_Granada_Spain-min-scaled-1-768x264.jpg 768w, https:\/\/rayanalhambra.com\/wp-content\/uploads\/2024\/02\/Roofs_and_towers_of_Alhambra_from_Generalife_Granada_Spain-min-scaled-1-1536x528.jpg 1536w, https:\/\/rayanalhambra.com\/wp-content\/uploads\/2024\/02\/Roofs_and_towers_of_Alhambra_from_Generalife_Granada_Spain-min-scaled-1-2048x704.jpg 2048w, https:\/\/rayanalhambra.com\/wp-content\/uploads\/2024\/02\/Roofs_and_towers_of_Alhambra_from_Generalife_Granada_Spain-min-scaled-1-18x6.jpg 18w, https:\/\/rayanalhambra.com\/wp-content\/uploads\/2024\/02\/Roofs_and_towers_of_Alhambra_from_Generalife_Granada_Spain-min-scaled-1-510x175.jpg 510w\" sizes=\"auto, (max-width: 2560px) 100vw, 2560px\" \/>\t\t\t\t\t\t\t\t<div class=\"shade\"><\/div>\t\t\t<\/div>\n\t\t\t\t\t<\/div>\n\n\t\t<div class=\"box-text show-on-hover hover-bounce text-left\" >\n\t\t\t<div class=\"box-text-inner\">\n\t\t\t\t\n\n\n\t\t\t<\/div>\n\t\t<\/div>\n\t<\/div>\n\t\n\t<div id=\"gap-402546938\" class=\"gap-element clearfix\" style=\"display:block; height:auto;\">\n\t\t\n<style>\n#gap-402546938 {\n  padding-top: 20px;\n}\n<\/style>\n\t<\/div>\n\t\n\n<h1><span style=\"font-size: 100%;\">Private visit<\/span><\/h1>\n<p>Complete visit<\/p>\n<a href=\"https:\/\/rayanalhambra.com\/en\/visita-guiada\/\" class=\"button alert is-underline\"  >\n\t\t<span>Book a visit<\/span>\n\t<i class=\"icon-angle-right\" aria-hidden=\"true\" ><\/i><\/a>\n\n\n\n\t\t<\/div>\n\t\t\t\t\n<style>\n#col-1436244662 > .col-inner {\n  border-radius: 10px;\n}\n<\/style>\n\t<\/div>\n\n\t\n\n\n<style>\n#row-2104331549 > .col > .col-inner {\n  padding: 15px 15px 15px 15px;\n  background-color: rgb(250, 250, 250);\n}\n<\/style>\n<\/div>\n<div class=\"row align-center\"  id=\"row-614569625\">\n\n\n\t<div id=\"col-1972561627\" class=\"col medium-9 small-12 large-9\"  >\n\t\t\t\t<div class=\"col-inner text-center\"  >\n\t\t\t\n\t\t\t\n\n<ol>\n<li style=\"text-align: left;\">It is compulsory to present an original ID card or passport to enter the monumental complex.<\/li>\n<li style=\"text-align: left;\">Punctuality at the entrances to the Nasrid Palaces.<\/li>\n<li style=\"text-align: left;\">Bring your ticket with QR code in physical or digital format (including children under 12 years old).<\/li>\n<\/ol>\n<div class=\"accordion\">\n\n\t<div id=\"accordion-1552281638\" class=\"accordion-item\">\n\t\t<a id=\"accordion-1552281638-label\" class=\"accordion-title plain\" href=\"#accordion-item-pulse-aqu\u00cd-para-m\u00c1s-informaci\u00d3n\" aria-expanded=\"false\" aria-controls=\"accordion-1552281638-content\" >\n\t\t\t<button class=\"toggle\" aria-label=\"Toggle\"><i class=\"icon-angle-down\"><\/i><\/button>\n\t\t\t<span>CLICK HERE FOR MORE INFORMATION<\/span>\n\t\t<\/a>\n\t\t<div id=\"accordion-1552281638-content\" class=\"accordion-inner\" aria-labelledby=\"accordion-1552281638-label\" >\n\t\t\t\n\n<p style=\"text-align: left;\">4. Group visits will be for a maximum of 30 people, including the monitor or guide.<\/p>\n<p style=\"text-align: left;\">5. Backpacks or bags larger than 40\u00d740 cm are not allowed.<\/p>\n<p style=\"text-align: left;\">6. Access to the Nasrid Palaces must be at the time indicated at the entrance.<\/p>\n<p style=\"text-align: left;\">7. It is forbidden to drink directly from the fountains. Use your bottle or glass for refilling.<\/p>\n<p style=\"text-align: left;\">8. All the necessary information for the visit will be available along the itinerary through a QR code and in <a role=\"link\" href=\"http:\/\/www.alhambra-patronato.es\/\">www.alhambra-patronato.es<\/a>.<\/p>\n<p style=\"text-align: left;\">9. Rayan alhambra cannot be held responsible for the visitor's failure to comply with any mobility restrictions imposed by the competent authorities for public health reasons. It is recommended to consult the measures adopted and in force at the place of origin and destination on the date of the visit.<\/p>\n\n\t\t<\/div>\n\t<\/div>\n\t\n\n<\/div>\n\n\t\t<\/div>\n\t\t\t\t\t<\/div>\n\n\t\n\n<\/div>\n\n\t\t<\/div>\n\n\t\t\n<style>\n#section_1197645912 {\n  padding-top: 40px;\n  padding-bottom: 40px;\n}\n@media (min-width:550px) {\n  #section_1197645912 {\n    padding-top: 60px;\n    padding-bottom: 60px;\n  }\n}\n@media (min-width:850px) {\n  #section_1197645912 {\n    padding-top: 30px;\n    padding-bottom: 30px;\n  }\n}\n<\/style>\n\t<\/section>\n\t\n\n\t<section class=\"section\" id=\"section_2027999072\">\n\t\t<div class=\"section-bg fill\" >\n\t\t\t<img loading=\"lazy\" decoding=\"async\" width=\"1200\" height=\"800\" src=\"https:\/\/rayanalhambra.com\/wp-content\/uploads\/2023\/03\/alhambra.webp\" class=\"bg attachment-original size-original\" alt=\"\" \/>\t\t\t\t\t\t\n\t\t\t\n\n\t\t<\/div>\n\n\t\t\n\n\t\t<div class=\"section-content relative\">\n\t\t\t\n\n\n\t\t<\/div>\n\n\t\t\n<style>\n#section_2027999072 {\n  padding-top: 0px;\n  padding-bottom: 0px;\n  min-height: 275px;\n}\n#section_2027999072 .section-bg img {\n  object-position: 36% 34%;\n}\n@media (min-width:550px) {\n  #section_2027999072 {\n    min-height: 475px;\n  }\n}\n@media (min-width:850px) {\n  #section_2027999072 {\n    min-height: 675px;\n  }\n}\n<\/style>\n\t<\/section>\n\t\n\n\t<section class=\"section\" id=\"section_519734408\">\n\t\t<div class=\"section-bg fill\" >\n\t\t\t\t\t\t\t\t\t\n\t\t\t\n\n\t\t<\/div>\n\n\t\t\n\n\t\t<div class=\"section-content relative\">\n\t\t\t\n\n<div class=\"row row-collapse align-center\"  id=\"row-792383693\">\n\n\n\t<div id=\"col-662353593\" class=\"col medium-11 small-11 large-12\"  >\n\t\t\t\t<div class=\"col-inner box-shadow-2\" style=\"background-color:rgb(255,255,255);\" >\n\t\t\t\n\t\t\t\n\n<div class=\"row row-collapse row-solid\"  id=\"row-1931308628\">\n\n\n\t<div id=\"col-1591478216\" class=\"col custom-footer-cta-border-left medium-12 small-12 large-6\"  >\n\t\t\t\t<div class=\"col-inner text-left\"  >\n\t\t\t\n\t\t\t\n\n\n\t\t<div class=\"icon-box featured-box icon-box-left text-left\"  >\n\t\t\t\t\t<div class=\"icon-box-img\" style=\"width: 60px\">\n\t\t\t\t<div class=\"icon\">\n\t\t\t\t\t<div class=\"icon-inner\" >\n\t\t\t\t\t\t<img loading=\"lazy\" decoding=\"async\" width=\"240\" height=\"240\" src=\"https:\/\/rayanalhambra.com\/wp-content\/uploads\/2023\/03\/cup-line.png\" class=\"attachment-medium size-medium\" alt=\"\" srcset=\"https:\/\/rayanalhambra.com\/wp-content\/uploads\/2023\/03\/cup-line.png 240w, https:\/\/rayanalhambra.com\/wp-content\/uploads\/2023\/03\/cup-line-100x100.png 100w, https:\/\/rayanalhambra.com\/wp-content\/uploads\/2023\/03\/cup-line-150x150.png 150w\" sizes=\"auto, (max-width: 240px) 100vw, 240px\" \/>\t\t\t\t\t<\/div>\n\t\t\t\t<\/div>\n\t\t\t<\/div>\n\t\t\t\t<div class=\"icon-box-text last-reset\">\n\t\t\t\t\t\t\t\t\t\n\n<h3>Work with us<\/h3>\n<p>Let's have a coffee and a chat.<\/p>\n<a href=\"mailto:info@rayanalhambra.com\" target=\"_blank\" class=\"button primary is-small\" rel=\"noopener\"  style=\"border-radius:99px;\">\n\t\t<span>Our e-mail address<\/span>\n\t<\/a>\n\n\n\n\t\t<\/div>\n\t<\/div>\n\t\n\t\n\n\t\t<\/div>\n\t\t\t\t\n<style>\n#col-1591478216 > .col-inner {\n  padding: 40px 40px 40px 40px;\n}\n<\/style>\n\t<\/div>\n\n\t\n\n\t<div id=\"col-288318271\" class=\"col custom-footer-cta-border-right medium-12 small-12 large-6\"  >\n\t\t\t\t<div class=\"col-inner text-left\"  >\n\t\t\t\n\t\t\t\n\n\n\t\t<div class=\"icon-box featured-box icon-box-left text-left\"  >\n\t\t\t\t\t<div class=\"icon-box-img\" style=\"width: 60px\">\n\t\t\t\t<div class=\"icon\">\n\t\t\t\t\t<div class=\"icon-inner\" >\n\t\t\t\t\t\t<img loading=\"lazy\" decoding=\"async\" width=\"240\" height=\"240\" src=\"https:\/\/rayanalhambra.com\/wp-content\/uploads\/2023\/03\/whatsapp-line.png\" class=\"attachment-medium size-medium\" alt=\"\" srcset=\"https:\/\/rayanalhambra.com\/wp-content\/uploads\/2023\/03\/whatsapp-line.png 240w, https:\/\/rayanalhambra.com\/wp-content\/uploads\/2023\/03\/whatsapp-line-100x100.png 100w, https:\/\/rayanalhambra.com\/wp-content\/uploads\/2023\/03\/whatsapp-line-150x150.png 150w\" sizes=\"auto, (max-width: 240px) 100vw, 240px\" \/>\t\t\t\t\t<\/div>\n\t\t\t\t<\/div>\n\t\t\t<\/div>\n\t\t\t\t<div class=\"icon-box-text last-reset\">\n\t\t\t\t\t\t\t\t\t\n\n<h3>Any questions?<\/h3>\n<p>Contact via Whatsapp.<\/p>\n<a href=\"https:\/\/wa.me\/34658658608?text=urlencodedtext\" target=\"_blank\" class=\"button secondary is-small\" rel=\"noopener\"  style=\"border-radius:99px;\">\n\t\t<span>+34 658 658 608<\/span>\n\t<\/a>\n\n\n\n\t\t<\/div>\n\t<\/div>\n\t\n\t\n\n\t\t<\/div>\n\t\t\t\t\n<style>\n#col-288318271 > .col-inner {\n  padding: 40px 40px 40px 40px;\n}\n<\/style>\n\t<\/div>\n\n\t\n\n<\/div>\n\n\t\t<\/div>\n\t\t\t\t\n<style>\n#col-662353593 > .col-inner {\n  margin: -60px 0px 0px 0px;\n  border-radius: 10px;\n}\n<\/style>\n\t<\/div>\n\n\t\n\n<\/div>\n<div class=\"row\"  id=\"row-1989279424\">\n\n\n\t<div id=\"col-1679795613\" class=\"col small-12 large-12\"  >\n\t\t\t\t<div class=\"col-inner dark\"  >\n\t\t\t\n\t\t\t\n\n<div class=\"row row-collapse align-middle\"  id=\"row-4654078\">\n\n\n\t<div id=\"col-2090558364\" class=\"col medium-6 small-6 large-3\"  >\n\t\t\t\t<div class=\"col-inner\"  >\n\t\t\t\n\t\t\t\n\n<p>\u00a9 iTDeCastro<\/p>\n\n\t\t<\/div>\n\t\t\t\t\t<\/div>\n\n\t\n\n\t<div id=\"col-1689408077\" class=\"col medium-12 small-12 large-6 medium-col-first\"  >\n\t\t\t\t<div class=\"col-inner text-center\"  >\n\t\t\t\n\t\t\t\n\n<a href=\"https:\/\/rayanalhambra.com\/en\/\" class=\"button white is-link is-small\"  >\n\t\t<span>Home<\/span>\n\t<\/a>\n\n\n<a href=\"https:\/\/rayanalhambra.com\/en\/politica-de-privacidad\/\" class=\"button white is-link is-small\"  >\n\t\t<span>Privacy Policy<\/span>\n\t<\/a>\n\n\n<a href=\"mailto:info@rayanalhambra.com\" target=\"_blank\" class=\"button white is-link is-small\" rel=\"noopener\"  >\n\t\t<span>Contact<\/span>\n\t<\/a>\n\n\n\n\t\t<\/div>\n\t\t\t\t\t<\/div>\n\n\t\n\n\t<div id=\"col-188433949\" class=\"col medium-6 small-6 large-3\"  >\n\t\t\t\t<div class=\"col-inner\"  >\n\t\t\t\n\t\t\t\n\n<div class=\"social-icons follow-icons full-width text-right\" style=\"font-size:110%\"><a href=\"#\" target=\"_blank\" data-label=\"Facebook\" class=\"icon plain facebook tooltip\" title=\"Follow on Facebook\" aria-label=\"Follow on Facebook\" rel=\"noopener nofollow\" ><i class=\"icon-facebook\" ><\/i><\/a><a href=\"#\" target=\"_blank\" data-label=\"Instagram\" class=\"icon plain instagram tooltip\" title=\"Follow on Instagram\" aria-label=\"Follow on Instagram\" rel=\"noopener nofollow\" ><i class=\"icon-instagram\" ><\/i><\/a><a href=\"#\" data-label=\"LinkedIn\" target=\"_blank\" class=\"icon plain linkedin tooltip\" title=\"Follow on LinkedIn\" aria-label=\"Follow on LinkedIn\" rel=\"noopener nofollow\" ><i class=\"icon-linkedin\" ><\/i><\/a><\/div>\n\n\n\t\t<\/div>\n\t\t\t\t\t<\/div>\n\n\t\n\n<\/div>\n\n\t\t<\/div>\n\t\t\t\t\n<style>\n#col-1679795613 > .col-inner {\n  padding: 30px 0px 0px 0px;\n}\n<\/style>\n\t<\/div>\n\n\t\n\n<\/div>\n\n\t\t<\/div>\n\n\t\t\n<style>\n#section_519734408 {\n  padding-top: 30px;\n  padding-bottom: 30px;\n  background-color: rgb(217, 186, 116);\n}\n<\/style>\n\t<\/section>","protected":false},"excerpt":{"rendered":"","protected":false},"author":1,"featured_media":330,"parent":0,"menu_order":0,"comment_status":"closed","ping_status":"closed","template":"page-blank.php","meta":{"footnotes":""},"class_list":["post-13","page","type-page","status-publish","has-post-thumbnail","hentry"],"_links":{"self":[{"href":"https:\/\/rayanalhambra.com\/en\/wp-json\/wp\/v2\/pages\/13","targetHints":{"allow":["GET"]}}],"collection":[{"href":"https:\/\/rayanalhambra.com\/en\/wp-json\/wp\/v2\/pages"}],"about":[{"href":"https:\/\/rayanalhambra.com\/en\/wp-json\/wp\/v2\/types\/page"}],"author":[{"embeddable":true,"href":"https:\/\/rayanalhambra.com\/en\/wp-json\/wp\/v2\/users\/1"}],"replies":[{"embeddable":true,"href":"https:\/\/rayanalhambra.com\/en\/wp-json\/wp\/v2\/comments?post=13"}],"version-history":[{"count":10,"href":"https:\/\/rayanalhambra.com\/en\/wp-json\/wp\/v2\/pages\/13\/revisions"}],"predecessor-version":[{"id":750,"href":"https:\/\/rayanalhambra.com\/en\/wp-json\/wp\/v2\/pages\/13\/revisions\/750"}],"wp:featuredmedia":[{"embeddable":true,"href":"https:\/\/rayanalhambra.com\/en\/wp-json\/wp\/v2\/media\/330"}],"wp:attachment":[{"href":"https:\/\/rayanalhambra.com\/en\/wp-json\/wp\/v2\/media?parent=13"}],"curies":[{"name":"wp","href":"https:\/\/api.w.org\/{rel}","templated":true}]}}