{"id":13,"date":"2023-03-10T18:44:09","date_gmt":"2023-03-10T18:44:09","guid":{"rendered":"https:\/\/rayanalhambra.com\/?page_id=13"},"modified":"2024-03-28T16:30:03","modified_gmt":"2024-03-28T16:30:03","slug":"inicio","status":"publish","type":"page","link":"http:\/\/rayanalhambra.com\/fr\/","title":{"rendered":"Accueil"},"content":{"rendered":"<section class=\"section hide-for-small\" id=\"section_813606392\">\n\t\t<div class=\"section-bg fill\" >\n\t\t\t<img loading=\"lazy\" decoding=\"async\" width=\"1739\" height=\"1731\" src=\"https:\/\/rayanalhambra.com\/wp-content\/uploads\/2023\/03\/5cfondo-1.jpg\" class=\"bg attachment- size-\" alt=\"\" \/>\t\t\t\t\t\t\n\t\t\t\n\n\t\t<\/div>\n\n\t\t\n\n\t\t<div class=\"section-content relative\">\n\t\t\t\n\n<div class=\"row row-collapse align-middle\"  id=\"row-1056683321\">\n\n\n\t<div id=\"col-1956318163\" class=\"col medium-7 small-6 large-8\"  >\n\t\t\t\t<div class=\"col-inner\"  >\n\t\t\t\n\t\t\t\n\n\n  <div class=\"banner has-hover\" id=\"banner-1175952161\">\n          <div class=\"banner-inner fill\">\n        <div class=\"banner-bg fill\" >\n            <img loading=\"lazy\" decoding=\"async\" width=\"700\" height=\"499\" src=\"https:\/\/rayanalhambra.com\/wp-content\/uploads\/2023\/03\/patio-de-los-leones-alhambra-granada.webp\" class=\"bg attachment-large size-large\" alt=\"\" \/>                                    \n                    <\/div>\n\t\t\n        <div class=\"banner-layers container\">\n            <a class=\"fill\" href=\"#\" ><div class=\"fill banner-link\"><\/div><\/a>            \n\n\n        <\/div>\n      <\/div>\n\n            \n<style>\n#banner-1175952161 {\n  padding-top: 300px;\n  background-color: rgb(245, 245, 245);\n}\n#banner-1175952161 .banner-bg img {\n  object-position: 51% 100%;\n}\n@media (min-width:550px) {\n  #banner-1175952161 {\n    padding-top: 400px;\n  }\n}\n<\/style>\n  <\/div>\n\n\n\n\t\t<\/div>\n\t\t\t\t\t<\/div>\n\n\t\n\n\t<div id=\"col-378320123\" class=\"col medium-5 small-6 large-4\"  >\n\t\t\t\t<div class=\"col-inner\"  >\n\t\t\t\n\t\t\t\n\n<div class=\"row row-collapse\"  id=\"row-2012814470\">\n\n\n\t<div id=\"col-1043327598\" class=\"col large-12\"  >\n\t\t\t\t<div class=\"col-inner text-center\" style=\"background-color:rgb(255,255,255);\" >\n\t\t\t\n\t\t\t\n\n<h2>Vente de billets<\/h2>\n<p>L'Alhambra est un complexe monumental compos\u00e9 de palais, de tours et de murs, de jardins et de canaux d'irrigation. Il s'agit d'une ville m\u00e9di\u00e9vale fortifi\u00e9e, r\u00e9sidence des sultans et des rois du XIIIe au XVIe si\u00e8cle.<\/p>\n\n\t\t<\/div>\n\t\t\t\t\n<style>\n#col-1043327598 > .col-inner {\n  margin: 0px 0px 0px -30px;\n}\n<\/style>\n\t<\/div>\n\n\t\n\n\n<style>\n#row-2012814470 > .col > .col-inner {\n  padding: 20px 20px 20px 20px;\n}\n@media (min-width:550px) {\n  #row-2012814470 > .col > .col-inner {\n    padding: 40px 40px 40px 40px;\n  }\n}\n<\/style>\n<\/div>\n\n\t\t<\/div>\n\t\t\t\t\t<\/div>\n\n\t\n\n<\/div>\n\n\t\t<\/div>\n\n\t\t\n<style>\n#section_813606392 {\n  padding-top: 30px;\n  padding-bottom: 30px;\n}\n<\/style>\n\t<\/section>\n\t\n\n\t<section class=\"section\" id=\"section_1415829584\">\n\t\t<div class=\"section-bg fill\" >\n\t\t\t\t\t\t\t\t\t\n\t\t\t\n\n\t\t<\/div>\n\n\t\t\n\n\t\t<div class=\"section-content relative\">\n\t\t\t\n\n<div class=\"row align-center\"  id=\"row-180063117\">\n\n\n\t<div id=\"col-382049224\" class=\"col medium-9 small-12 large-9\"  >\n\t\t\t\t<div class=\"col-inner text-center\"  >\n\t\t\t\n\t\t\t\n\n<div class=\"container section-title-container\" style=\"margin-bottom:5px;max-width:45%;\"><h3 class=\"section-title section-title-center\"><b><\/b><span class=\"section-title-main\" style=\"color:rgb(208, 208, 208);\">Billets<\/span><b><\/b><\/h3><\/div>\n\n<h2 style=\"font-size: 23.04px;\"><span style=\"font-size: 170%;\">S\u00e9lectionnez votre entr\u00e9e<\/span><\/h2>\n\n\t\t<\/div>\n\t\t\t\t\t<\/div>\n\n\t\n\n<\/div>\n<div class=\"row row-box-shadow-1-hover\"  id=\"row-1581683459\">\n\n\n\t<div id=\"col-1165363866\" class=\"col medium-6 small-12 large-6\"  >\n\t\t\t\t<div class=\"col-inner\" style=\"background-color:rgb(250, 250, 250);\" >\n\t\t\t\n\t\t\t\n\n\t<div class=\"box has-hover   has-hover box-shade dark box-text-bottom\" >\n\n\t\t<div class=\"box-image\" style=\"border-radius:5%;\">\n\t\t\t\t\t\t<div class=\"image-cover\" style=\"padding-top:65%;\">\n\t\t\t\t<img loading=\"lazy\" decoding=\"async\" width=\"2560\" height=\"1920\" src=\"https:\/\/rayanalhambra.com\/wp-content\/uploads\/2023\/03\/castle-tourism-spain-andalucia-scaled.jpg\" class=\"attachment- size-\" alt=\"\" srcset=\"https:\/\/rayanalhambra.com\/wp-content\/uploads\/2023\/03\/castle-tourism-spain-andalucia-scaled.jpg 2560w, https:\/\/rayanalhambra.com\/wp-content\/uploads\/2023\/03\/castle-tourism-spain-andalucia-scaled-510x383.jpg 510w, https:\/\/rayanalhambra.com\/wp-content\/uploads\/2023\/03\/castle-tourism-spain-andalucia-300x225.jpg 300w, https:\/\/rayanalhambra.com\/wp-content\/uploads\/2023\/03\/castle-tourism-spain-andalucia-1024x768.jpg 1024w, https:\/\/rayanalhambra.com\/wp-content\/uploads\/2023\/03\/castle-tourism-spain-andalucia-768x576.jpg 768w, https:\/\/rayanalhambra.com\/wp-content\/uploads\/2023\/03\/castle-tourism-spain-andalucia-1536x1152.jpg 1536w, https:\/\/rayanalhambra.com\/wp-content\/uploads\/2023\/03\/castle-tourism-spain-andalucia-2048x1536.jpg 2048w\" sizes=\"auto, (max-width: 2560px) 100vw, 2560px\" \/>\t\t\t\t\t\t\t\t<div class=\"shade\"><\/div>\t\t\t<\/div>\n\t\t\t\t\t<\/div>\n\n\t\t<div class=\"box-text show-on-hover hover-bounce text-left\" >\n\t\t\t<div class=\"box-text-inner\">\n\t\t\t\t\n\n\n\t\t\t<\/div>\n\t\t<\/div>\n\t<\/div>\n\t\n\t<div id=\"gap-1457080378\" class=\"gap-element clearfix\" style=\"display:block; height:auto;\">\n\t\t\n<style>\n#gap-1457080378 {\n  padding-top: 20px;\n}\n<\/style>\n\t<\/div>\n\t\n\n<h1><span style=\"font-size: 100%;\">G\u00e9n\u00e9ral Alhambra<\/span><\/h1>\n<p>Du lundi au dimanche : 08:30 - 20:00 15 OCT - 31 MAR<\/p>\n<p>Du lundi au dimanche : 08:30 - 20:00 1 APR - 14 OCT<\/p>\n<p>Visite compl\u00e8te<\/p>\n<a href=\"https:\/\/rayanalhambra.com\/fr\/entrada-general\/\" class=\"button alert is-underline\"  >\n\t\t<span>Acheter des billets<\/span>\n\t<i class=\"icon-angle-right\" aria-hidden=\"true\" ><\/i><\/a>\n\n\n\n\t\t<\/div>\n\t\t\t\t\n<style>\n#col-1165363866 > .col-inner {\n  border-radius: 10px;\n}\n<\/style>\n\t<\/div>\n\n\t\n\n\t<div id=\"col-1770987987\" class=\"col medium-6 small-12 large-6\"  >\n\t\t\t\t<div class=\"col-inner\" style=\"background-color:rgb(250, 250, 250);\" >\n\t\t\t\n\t\t\t\n\n\t<div class=\"box has-hover   has-hover box-shade dark box-text-bottom\" >\n\n\t\t<div class=\"box-image\" style=\"border-radius:5%;\">\n\t\t\t\t\t\t<div class=\"image-cover\" style=\"padding-top:65%;\">\n\t\t\t\t<img loading=\"lazy\" decoding=\"async\" width=\"2560\" height=\"1706\" src=\"https:\/\/rayanalhambra.com\/wp-content\/uploads\/2023\/03\/fotofrafia_nocturna_del_patio_de_los_leones-min-scaled.jpg\" class=\"attachment- size-\" alt=\"\" srcset=\"https:\/\/rayanalhambra.com\/wp-content\/uploads\/2023\/03\/fotofrafia_nocturna_del_patio_de_los_leones-min-scaled.jpg 2560w, https:\/\/rayanalhambra.com\/wp-content\/uploads\/2023\/03\/fotofrafia_nocturna_del_patio_de_los_leones-min-scaled-510x340.jpg 510w, https:\/\/rayanalhambra.com\/wp-content\/uploads\/2023\/03\/fotofrafia_nocturna_del_patio_de_los_leones-min-300x200.jpg 300w, https:\/\/rayanalhambra.com\/wp-content\/uploads\/2023\/03\/fotofrafia_nocturna_del_patio_de_los_leones-min-1024x682.jpg 1024w, https:\/\/rayanalhambra.com\/wp-content\/uploads\/2023\/03\/fotofrafia_nocturna_del_patio_de_los_leones-min-768x512.jpg 768w, https:\/\/rayanalhambra.com\/wp-content\/uploads\/2023\/03\/fotofrafia_nocturna_del_patio_de_los_leones-min-1536x1024.jpg 1536w, https:\/\/rayanalhambra.com\/wp-content\/uploads\/2023\/03\/fotofrafia_nocturna_del_patio_de_los_leones-min-2048x1365.jpg 2048w\" sizes=\"auto, (max-width: 2560px) 100vw, 2560px\" \/>\t\t\t\t\t\t\t\t<div class=\"shade\"><\/div>\t\t\t<\/div>\n\t\t\t\t\t<\/div>\n\n\t\t<div class=\"box-text show-on-hover hover-bounce text-left\" >\n\t\t\t<div class=\"box-text-inner\">\n\t\t\t\t\n\n\n\t\t\t<\/div>\n\t\t<\/div>\n\t<\/div>\n\t\n\t<div id=\"gap-769661799\" class=\"gap-element clearfix\" style=\"display:block; height:auto;\">\n\t\t\n<style>\n#gap-769661799 {\n  padding-top: 20px;\n}\n<\/style>\n\t<\/div>\n\t\n\n<h1 class=\"et_pb_module_header\">Visite nocturne<\/h1>\n<p>Vendredi et samedi : 20:00 - 21:30 15 OCT - 31 MAR<\/p>\n<p>Du mardi au samedi : 22:00 - 23:30 1 APR - 14 OCT<\/p>\n<p>Visite nocturne des palais Nasrides<\/p>\n<a href=\"https:\/\/rayanalhambra.com\/fr\/visita-nocturna-a-palacios-nazaries\/\" class=\"button alert is-underline\"  >\n\t\t<span>Acheter des billets<\/span>\n\t<i class=\"icon-angle-right\" aria-hidden=\"true\" ><\/i><\/a>\n\n\n\n\t\t<\/div>\n\t\t\t\t\n<style>\n#col-1770987987 > .col-inner {\n  border-radius: 10px;\n}\n<\/style>\n\t<\/div>\n\n\t\n\n\n<style>\n#row-1581683459 > .col > .col-inner {\n  padding: 15px 15px 15px 15px;\n  background-color: rgb(250, 250, 250);\n}\n<\/style>\n<\/div>\n<div class=\"row row-box-shadow-1-hover\"  id=\"row-482598616\">\n\n\n\t<div id=\"col-1121159589\" class=\"col small-12 large-12\"  >\n\t\t\t\t<div class=\"col-inner\" style=\"background-color:rgb(250, 250, 250);\" >\n\t\t\t\n\t\t\t\n\n\t<div class=\"box has-hover   has-hover box-shade dark box-text-bottom\" >\n\n\t\t<div class=\"box-image\" style=\"border-radius:2%;\">\n\t\t\t\t\t\t<div class=\"\" >\n\t\t\t\t<img loading=\"lazy\" decoding=\"async\" width=\"2560\" height=\"880\" src=\"https:\/\/rayanalhambra.com\/wp-content\/uploads\/2024\/02\/Roofs_and_towers_of_Alhambra_from_Generalife_Granada_Spain-min-scaled-1.jpg\" class=\"attachment- size-\" alt=\"\" srcset=\"https:\/\/rayanalhambra.com\/wp-content\/uploads\/2024\/02\/Roofs_and_towers_of_Alhambra_from_Generalife_Granada_Spain-min-scaled-1.jpg 2560w, https:\/\/rayanalhambra.com\/wp-content\/uploads\/2024\/02\/Roofs_and_towers_of_Alhambra_from_Generalife_Granada_Spain-min-scaled-1-300x103.jpg 300w, https:\/\/rayanalhambra.com\/wp-content\/uploads\/2024\/02\/Roofs_and_towers_of_Alhambra_from_Generalife_Granada_Spain-min-scaled-1-1024x352.jpg 1024w, https:\/\/rayanalhambra.com\/wp-content\/uploads\/2024\/02\/Roofs_and_towers_of_Alhambra_from_Generalife_Granada_Spain-min-scaled-1-768x264.jpg 768w, https:\/\/rayanalhambra.com\/wp-content\/uploads\/2024\/02\/Roofs_and_towers_of_Alhambra_from_Generalife_Granada_Spain-min-scaled-1-1536x528.jpg 1536w, https:\/\/rayanalhambra.com\/wp-content\/uploads\/2024\/02\/Roofs_and_towers_of_Alhambra_from_Generalife_Granada_Spain-min-scaled-1-2048x704.jpg 2048w, https:\/\/rayanalhambra.com\/wp-content\/uploads\/2024\/02\/Roofs_and_towers_of_Alhambra_from_Generalife_Granada_Spain-min-scaled-1-18x6.jpg 18w, https:\/\/rayanalhambra.com\/wp-content\/uploads\/2024\/02\/Roofs_and_towers_of_Alhambra_from_Generalife_Granada_Spain-min-scaled-1-510x175.jpg 510w\" sizes=\"auto, (max-width: 2560px) 100vw, 2560px\" \/>\t\t\t\t\t\t\t\t<div class=\"shade\"><\/div>\t\t\t<\/div>\n\t\t\t\t\t<\/div>\n\n\t\t<div class=\"box-text show-on-hover hover-bounce text-left\" >\n\t\t\t<div class=\"box-text-inner\">\n\t\t\t\t\n\n\n\t\t\t<\/div>\n\t\t<\/div>\n\t<\/div>\n\t\n\t<div id=\"gap-2140327613\" class=\"gap-element clearfix\" style=\"display:block; height:auto;\">\n\t\t\n<style>\n#gap-2140327613 {\n  padding-top: 20px;\n}\n<\/style>\n\t<\/div>\n\t\n\n<h1><span style=\"font-size: 100%;\">Visite priv\u00e9e<\/span><\/h1>\n<p>Visite compl\u00e8te<\/p>\n<a href=\"https:\/\/rayanalhambra.com\/fr\/visita-guiada\/\" class=\"button alert is-underline\"  >\n\t\t<span>R\u00e9server une visite<\/span>\n\t<i class=\"icon-angle-right\" aria-hidden=\"true\" ><\/i><\/a>\n\n\n\n\t\t<\/div>\n\t\t\t\t\n<style>\n#col-1121159589 > .col-inner {\n  border-radius: 10px;\n}\n<\/style>\n\t<\/div>\n\n\t\n\n\n<style>\n#row-482598616 > .col > .col-inner {\n  padding: 15px 15px 15px 15px;\n  background-color: rgb(250, 250, 250);\n}\n<\/style>\n<\/div>\n<div class=\"row align-center\"  id=\"row-1784114213\">\n\n\n\t<div id=\"col-731930480\" class=\"col medium-9 small-12 large-9\"  >\n\t\t\t\t<div class=\"col-inner text-center\"  >\n\t\t\t\n\t\t\t\n\n<ol>\n<li style=\"text-align: left;\">La pr\u00e9sentation d'une carte d'identit\u00e9 ou d'un passeport original est obligatoire pour entrer dans le complexe monumental.<\/li>\n<li style=\"text-align: left;\">Ponctualit\u00e9 \u00e0 l'entr\u00e9e des palais Nasrides.<\/li>\n<li style=\"text-align: left;\">Apportez votre billet avec le code QR en format physique ou num\u00e9rique (y compris les enfants de moins de 12 ans).<\/li>\n<\/ol>\n<div class=\"accordion\">\n\n\t<div id=\"accordion-4057911362\" class=\"accordion-item\">\n\t\t<a id=\"accordion-4057911362-label\" class=\"accordion-title plain\" href=\"#accordion-item-pulse-aqu\u00cd-para-m\u00c1s-informaci\u00d3n\" aria-expanded=\"false\" aria-controls=\"accordion-4057911362-content\" >\n\t\t\t<button class=\"toggle\" aria-label=\"Basculer\"><i class=\"icon-angle-down\"><\/i><\/button>\n\t\t\t<span>CLIQUEZ ICI POUR PLUS D'INFORMATIONS<\/span>\n\t\t<\/a>\n\t\t<div id=\"accordion-4057911362-content\" class=\"accordion-inner\" aria-labelledby=\"accordion-4057911362-label\" >\n\t\t\t\n\n<p style=\"text-align: left;\">4. Les visites de groupe sont pr\u00e9vues pour un maximum de 30 personnes, y compris le moniteur ou le guide.<\/p>\n<p style=\"text-align: left;\">5. Les sacs \u00e0 dos ou les sacs de plus de 40\u00d740 cm ne sont pas autoris\u00e9s.<\/p>\n<p style=\"text-align: left;\">6. L'acc\u00e8s aux palais Nasrides doit se faire \u00e0 l'heure indiqu\u00e9e \u00e0 l'entr\u00e9e.<\/p>\n<p style=\"text-align: left;\">7. Il est interdit de boire directement aux fontaines. Utilisez votre bouteille ou votre verre pour vous resservir.<\/p>\n<p style=\"text-align: left;\">8. Toutes les informations n\u00e9cessaires \u00e0 la visite seront disponibles le long de l'itin\u00e9raire par le biais d'un code QR et en ligne. <a role=\"link\" href=\"http:\/\/www.alhambra-patronato.es\/\">www.alhambra-patronato.es<\/a>.<\/p>\n<p style=\"text-align: left;\">9. Rayan alhambra ne peut \u00eatre tenu responsable du non-respect par le visiteur des \u00e9ventuelles restrictions de mobilit\u00e9 impos\u00e9es par les autorit\u00e9s comp\u00e9tentes pour des raisons de sant\u00e9 publique. Il est recommand\u00e9 de consulter les mesures adopt\u00e9es et en vigueur au lieu d'origine et de destination \u00e0 la date de la visite.<\/p>\n\n\t\t<\/div>\n\t<\/div>\n\t\n\n<\/div>\n\n\t\t<\/div>\n\t\t\t\t\t<\/div>\n\n\t\n\n<\/div>\n\n\t\t<\/div>\n\n\t\t\n<style>\n#section_1415829584 {\n  padding-top: 40px;\n  padding-bottom: 40px;\n}\n@media (min-width:550px) {\n  #section_1415829584 {\n    padding-top: 60px;\n    padding-bottom: 60px;\n  }\n}\n@media (min-width:850px) {\n  #section_1415829584 {\n    padding-top: 30px;\n    padding-bottom: 30px;\n  }\n}\n<\/style>\n\t<\/section>\n\t\n\n\t<section class=\"section\" id=\"section_1662505212\">\n\t\t<div class=\"section-bg fill\" >\n\t\t\t<img loading=\"lazy\" decoding=\"async\" width=\"1200\" height=\"800\" src=\"https:\/\/rayanalhambra.com\/wp-content\/uploads\/2023\/03\/alhambra.webp\" class=\"bg attachment-original size-original\" alt=\"\" \/>\t\t\t\t\t\t\n\t\t\t\n\n\t\t<\/div>\n\n\t\t\n\n\t\t<div class=\"section-content relative\">\n\t\t\t\n\n\n\t\t<\/div>\n\n\t\t\n<style>\n#section_1662505212 {\n  padding-top: 0px;\n  padding-bottom: 0px;\n  min-height: 275px;\n}\n#section_1662505212 .section-bg img {\n  object-position: 36% 34%;\n}\n@media (min-width:550px) {\n  #section_1662505212 {\n    min-height: 475px;\n  }\n}\n@media (min-width:850px) {\n  #section_1662505212 {\n    min-height: 675px;\n  }\n}\n<\/style>\n\t<\/section>\n\t\n\n\t<section class=\"section\" id=\"section_2019336115\">\n\t\t<div class=\"section-bg fill\" >\n\t\t\t\t\t\t\t\t\t\n\t\t\t\n\n\t\t<\/div>\n\n\t\t\n\n\t\t<div class=\"section-content relative\">\n\t\t\t\n\n<div class=\"row row-collapse align-center\"  id=\"row-473003344\">\n\n\n\t<div id=\"col-336263697\" class=\"col medium-11 small-11 large-12\"  >\n\t\t\t\t<div class=\"col-inner box-shadow-2\" style=\"background-color:rgb(255,255,255);\" >\n\t\t\t\n\t\t\t\n\n<div class=\"row row-collapse row-solid\"  id=\"row-1040193989\">\n\n\n\t<div id=\"col-1535559168\" class=\"col custom-footer-cta-border-left medium-12 small-12 large-6\"  >\n\t\t\t\t<div class=\"col-inner text-left\"  >\n\t\t\t\n\t\t\t\n\n\n\t\t<div class=\"icon-box featured-box icon-box-left text-left\"  >\n\t\t\t\t\t<div class=\"icon-box-img\" style=\"width: 60px\">\n\t\t\t\t<div class=\"icon\">\n\t\t\t\t\t<div class=\"icon-inner\" >\n\t\t\t\t\t\t<img loading=\"lazy\" decoding=\"async\" width=\"240\" height=\"240\" src=\"https:\/\/rayanalhambra.com\/wp-content\/uploads\/2023\/03\/cup-line.png\" class=\"attachment-medium size-medium\" alt=\"\" srcset=\"https:\/\/rayanalhambra.com\/wp-content\/uploads\/2023\/03\/cup-line.png 240w, https:\/\/rayanalhambra.com\/wp-content\/uploads\/2023\/03\/cup-line-100x100.png 100w, https:\/\/rayanalhambra.com\/wp-content\/uploads\/2023\/03\/cup-line-150x150.png 150w\" sizes=\"auto, (max-width: 240px) 100vw, 240px\" \/>\t\t\t\t\t<\/div>\n\t\t\t\t<\/div>\n\t\t\t<\/div>\n\t\t\t\t<div class=\"icon-box-text last-reset\">\n\t\t\t\t\t\t\t\t\t\n\n<h3>Travailler avec nous<\/h3>\n<p>Prenons un caf\u00e9 et discutons.<\/p>\n<a href=\"mailto:info@rayanalhambra.com\" target=\"_blank\" class=\"button primary is-small\" rel=\"noopener\"  style=\"border-radius:99px;\">\n\t\t<span>Notre adresse e-mail<\/span>\n\t<\/a>\n\n\n\n\t\t<\/div>\n\t<\/div>\n\t\n\t\n\n\t\t<\/div>\n\t\t\t\t\n<style>\n#col-1535559168 > .col-inner {\n  padding: 40px 40px 40px 40px;\n}\n<\/style>\n\t<\/div>\n\n\t\n\n\t<div id=\"col-1976383723\" class=\"col custom-footer-cta-border-right medium-12 small-12 large-6\"  >\n\t\t\t\t<div class=\"col-inner text-left\"  >\n\t\t\t\n\t\t\t\n\n\n\t\t<div class=\"icon-box featured-box icon-box-left text-left\"  >\n\t\t\t\t\t<div class=\"icon-box-img\" style=\"width: 60px\">\n\t\t\t\t<div class=\"icon\">\n\t\t\t\t\t<div class=\"icon-inner\" >\n\t\t\t\t\t\t<img loading=\"lazy\" decoding=\"async\" width=\"240\" height=\"240\" src=\"https:\/\/rayanalhambra.com\/wp-content\/uploads\/2023\/03\/whatsapp-line.png\" class=\"attachment-medium size-medium\" alt=\"\" srcset=\"https:\/\/rayanalhambra.com\/wp-content\/uploads\/2023\/03\/whatsapp-line.png 240w, https:\/\/rayanalhambra.com\/wp-content\/uploads\/2023\/03\/whatsapp-line-100x100.png 100w, https:\/\/rayanalhambra.com\/wp-content\/uploads\/2023\/03\/whatsapp-line-150x150.png 150w\" sizes=\"auto, (max-width: 240px) 100vw, 240px\" \/>\t\t\t\t\t<\/div>\n\t\t\t\t<\/div>\n\t\t\t<\/div>\n\t\t\t\t<div class=\"icon-box-text last-reset\">\n\t\t\t\t\t\t\t\t\t\n\n<h3>Des questions ?<\/h3>\n<p>Contact via Whatsapp.<\/p>\n<a href=\"https:\/\/wa.me\/34658658608?text=urlencodedtext\" target=\"_blank\" class=\"button secondary is-small\" rel=\"noopener\"  style=\"border-radius:99px;\">\n\t\t<span>+34 658 658 608<\/span>\n\t<\/a>\n\n\n\n\t\t<\/div>\n\t<\/div>\n\t\n\t\n\n\t\t<\/div>\n\t\t\t\t\n<style>\n#col-1976383723 > .col-inner {\n  padding: 40px 40px 40px 40px;\n}\n<\/style>\n\t<\/div>\n\n\t\n\n<\/div>\n\n\t\t<\/div>\n\t\t\t\t\n<style>\n#col-336263697 > .col-inner {\n  margin: -60px 0px 0px 0px;\n  border-radius: 10px;\n}\n<\/style>\n\t<\/div>\n\n\t\n\n<\/div>\n<div class=\"row\"  id=\"row-1919712018\">\n\n\n\t<div id=\"col-1872237007\" class=\"col small-12 large-12\"  >\n\t\t\t\t<div class=\"col-inner dark\"  >\n\t\t\t\n\t\t\t\n\n<div class=\"row row-collapse align-middle\"  id=\"row-29262439\">\n\n\n\t<div id=\"col-416514923\" class=\"col medium-6 small-6 large-3\"  >\n\t\t\t\t<div class=\"col-inner\"  >\n\t\t\t\n\t\t\t\n\n<p>iTDeCastro<\/p>\n\n\t\t<\/div>\n\t\t\t\t\t<\/div>\n\n\t\n\n\t<div id=\"col-1922792025\" class=\"col medium-12 small-12 large-6 medium-col-first\"  >\n\t\t\t\t<div class=\"col-inner text-center\"  >\n\t\t\t\n\t\t\t\n\n<a href=\"https:\/\/rayanalhambra.com\/fr\/\" class=\"button white is-link is-small\"  >\n\t\t<span>Accueil<\/span>\n\t<\/a>\n\n\n<a href=\"https:\/\/rayanalhambra.com\/fr\/politica-de-privacidad\/\" class=\"button white is-link is-small\"  >\n\t\t<span>Politique de confidentialit\u00e9<\/span>\n\t<\/a>\n\n\n<a href=\"mailto:info@rayanalhambra.com\" target=\"_blank\" class=\"button white is-link is-small\" rel=\"noopener\"  >\n\t\t<span>Contact<\/span>\n\t<\/a>\n\n\n\n\t\t<\/div>\n\t\t\t\t\t<\/div>\n\n\t\n\n\t<div id=\"col-379679449\" class=\"col medium-6 small-6 large-3\"  >\n\t\t\t\t<div class=\"col-inner\"  >\n\t\t\t\n\t\t\t\n\n<div class=\"social-icons follow-icons full-width text-right\" style=\"font-size:110%\"><a href=\"#\" target=\"_blank\" data-label=\"Facebook\" class=\"icon plain facebook tooltip\" title=\"Suivez-nous sur Facebook\" aria-label=\"Suivez-nous sur Facebook\" rel=\"noopener nofollow\" ><i class=\"icon-facebook\" ><\/i><\/a><a href=\"#\" target=\"_blank\" data-label=\"Instagram\" class=\"icon plain instagram tooltip\" title=\"Suivez-nous sur Instagram\" aria-label=\"Suivez-nous sur Instagram\" rel=\"noopener nofollow\" ><i class=\"icon-instagram\" ><\/i><\/a><a href=\"#\" data-label=\"LinkedIn\" target=\"_blank\" class=\"icon plain linkedin tooltip\" title=\"Suivez-nous sur LinkedIn\" aria-label=\"Suivez-nous sur LinkedIn\" rel=\"noopener nofollow\" ><i class=\"icon-linkedin\" ><\/i><\/a><\/div>\n\n\n\t\t<\/div>\n\t\t\t\t\t<\/div>\n\n\t\n\n<\/div>\n\n\t\t<\/div>\n\t\t\t\t\n<style>\n#col-1872237007 > .col-inner {\n  padding: 30px 0px 0px 0px;\n}\n<\/style>\n\t<\/div>\n\n\t\n\n<\/div>\n\n\t\t<\/div>\n\n\t\t\n<style>\n#section_2019336115 {\n  padding-top: 30px;\n  padding-bottom: 30px;\n  background-color: rgb(217, 186, 116);\n}\n<\/style>\n\t<\/section>","protected":false},"excerpt":{"rendered":"","protected":false},"author":1,"featured_media":330,"parent":0,"menu_order":0,"comment_status":"closed","ping_status":"closed","template":"page-blank.php","meta":{"footnotes":""},"class_list":["post-13","page","type-page","status-publish","has-post-thumbnail","hentry"],"_links":{"self":[{"href":"http:\/\/rayanalhambra.com\/fr\/wp-json\/wp\/v2\/pages\/13","targetHints":{"allow":["GET"]}}],"collection":[{"href":"http:\/\/rayanalhambra.com\/fr\/wp-json\/wp\/v2\/pages"}],"about":[{"href":"http:\/\/rayanalhambra.com\/fr\/wp-json\/wp\/v2\/types\/page"}],"author":[{"embeddable":true,"href":"http:\/\/rayanalhambra.com\/fr\/wp-json\/wp\/v2\/users\/1"}],"replies":[{"embeddable":true,"href":"http:\/\/rayanalhambra.com\/fr\/wp-json\/wp\/v2\/comments?post=13"}],"version-history":[{"count":10,"href":"http:\/\/rayanalhambra.com\/fr\/wp-json\/wp\/v2\/pages\/13\/revisions"}],"predecessor-version":[{"id":750,"href":"http:\/\/rayanalhambra.com\/fr\/wp-json\/wp\/v2\/pages\/13\/revisions\/750"}],"wp:featuredmedia":[{"embeddable":true,"href":"http:\/\/rayanalhambra.com\/fr\/wp-json\/wp\/v2\/media\/330"}],"wp:attachment":[{"href":"http:\/\/rayanalhambra.com\/fr\/wp-json\/wp\/v2\/media?parent=13"}],"curies":[{"name":"wp","href":"https:\/\/api.w.org\/{rel}","templated":true}]}}